{"id":2020,"date":"2025-10-10T22:11:16","date_gmt":"2025-10-10T20:11:16","guid":{"rendered":"https:\/\/www.roserargemi.com\/producto\/calendari-2026\/"},"modified":"2026-01-27T16:14:23","modified_gmt":"2026-01-27T15:14:23","slug":"calendari-2026","status":"publish","type":"product","link":"https:\/\/www.roserargemi.com\/ca\/producto\/calendari-2026\/","title":{"rendered":"Calendari 2026"},"content":{"rendered":"<p>Amb aquest nou calendari del 2026, ja en fa 10 que compartim p\u00e0gines i il\u00b7lustracions m\u00e9s a m\u00e9s, any rere any. Gr\u00e0cies per haver-m\u2019hi acompanyat!<\/p>\n<p>Per celebrar-ho, inaugurem un nou format i t\u00e8cnica renovada.<\/p>\n<ul>\n<li>Minimalisme: aquest nou format que t\u00e9 grapes i forats, la il\u00b7lustraci\u00f3 i els dies van separats pel plec de la p\u00e0gina. Un cop penjat la mida \u00e9s la mateixa de sempre<\/li>\n<li>Graella per escriure-hi: mantenim el quadre amb els dies ordenats per setmanes, sobre graella en paper no satinat i fons dels dies blanc<\/li>\n<li>Paper reciclat, com aposta per l\u2019ecologia. A m\u00e9s, sense l\u2019espiral redu\u00efm residus.<\/li>\n<li>Aposta per la producci\u00f3 de proximitat: seguim imprimint a Barcelona, a Gr\u00e0cia<\/li>\n<\/ul>\n<p>El nou format tamb\u00e9 permet mantenir un any m\u00e9s els preus originals, no ha estat f\u00e0cil mantenir preu i la qualitat durant 10 anys.<\/p>\n<ul>\n<li>Din-A3: 20\u20ac (per penjar)<\/li>\n<li>Din-A4: 15\u20ac (per penjar)<\/li>\n<\/ul>\n<p>Com m\u00e9s aviat feu la comanda, m\u00e9s podrem assegurar que arribi a temps.<\/p>\n<p>Si coneixeu alg\u00fa a qui li pugui interessar, us agrair\u00e9 que li feu arribar.<\/p>\n<p><em><strong>Un any m\u00e9s, moltes gr\u00e0cies ! ! !<\/strong><\/em><\/p>\n","protected":false},"excerpt":{"rendered":"<p>Descripci\u00f3 curta<\/p>\n","protected":false},"featured_media":2050,"template":"","meta":[],"product_brand":[],"product_cat":[88],"product_tag":[],"class_list":{"0":"post-2020","1":"product","2":"type-product","3":"status-publish","4":"has-post-thumbnail","6":"product_cat-calendario","8":"first","9":"instock","10":"taxable","11":"shipping-taxable","12":"purchasable","13":"product-type-variable"},"_links":{"self":[{"href":"https:\/\/www.roserargemi.com\/ca\/wp-json\/wp\/v2\/product\/2020","targetHints":{"allow":["GET"]}}],"collection":[{"href":"https:\/\/www.roserargemi.com\/ca\/wp-json\/wp\/v2\/product"}],"about":[{"href":"https:\/\/www.roserargemi.com\/ca\/wp-json\/wp\/v2\/types\/product"}],"wp:featuredmedia":[{"embeddable":true,"href":"https:\/\/www.roserargemi.com\/ca\/wp-json\/wp\/v2\/media\/2050"}],"wp:attachment":[{"href":"https:\/\/www.roserargemi.com\/ca\/wp-json\/wp\/v2\/media?parent=2020"}],"wp:term":[{"taxonomy":"product_brand","embeddable":true,"href":"https:\/\/www.roserargemi.com\/ca\/wp-json\/wp\/v2\/product_brand?post=2020"},{"taxonomy":"product_cat","embeddable":true,"href":"https:\/\/www.roserargemi.com\/ca\/wp-json\/wp\/v2\/product_cat?post=2020"},{"taxonomy":"product_tag","embeddable":true,"href":"https:\/\/www.roserargemi.com\/ca\/wp-json\/wp\/v2\/product_tag?post=2020"}],"curies":[{"name":"wp","href":"https:\/\/api.w.org\/{rel}","templated":true}]}}