{"id":2002,"date":"2025-10-23T22:45:07","date_gmt":"2025-10-23T20:45:07","guid":{"rendered":"https:\/\/www.roserargemi.com\/producto\/cartolina-illustrata\/"},"modified":"2025-10-30T11:50:21","modified_gmt":"2025-10-30T10:50:21","slug":"cartolina-illustrata","status":"publish","type":"product","link":"https:\/\/www.roserargemi.com\/it\/producto\/cartolina-illustrata\/","title":{"rendered":"Cartolina illustrata"},"content":{"rendered":"<p>Cartolina stampata con cura e dal design originale. Formato DIN A6 quando \u00e8 piegata (105 \u00d7 148 mm) e A5 quando \u00e8 aperta (148 \u00d7 210 mm). Perfetta per saluti, appunti e piccoli dettagli che durano nel tempo.    <\/p>\n<p>Cartolina illustrata. Formato DIN A6 piegato (A5 aperto). Ideale da inviare, regalare o decorare.  <\/p>\n","protected":false},"excerpt":{"rendered":"<p>Breve descrizione<\/p>\n","protected":false},"featured_media":1414,"template":"","meta":[],"product_brand":[],"product_cat":[91],"product_tag":[],"class_list":{"0":"post-2002","1":"product","2":"type-product","3":"status-publish","4":"has-post-thumbnail","6":"product_cat-postal","8":"first","9":"instock","10":"taxable","11":"shipping-taxable","12":"purchasable","13":"product-type-simple"},"_links":{"self":[{"href":"https:\/\/www.roserargemi.com\/it\/wp-json\/wp\/v2\/product\/2002","targetHints":{"allow":["GET"]}}],"collection":[{"href":"https:\/\/www.roserargemi.com\/it\/wp-json\/wp\/v2\/product"}],"about":[{"href":"https:\/\/www.roserargemi.com\/it\/wp-json\/wp\/v2\/types\/product"}],"wp:featuredmedia":[{"embeddable":true,"href":"https:\/\/www.roserargemi.com\/it\/wp-json\/wp\/v2\/media\/1414"}],"wp:attachment":[{"href":"https:\/\/www.roserargemi.com\/it\/wp-json\/wp\/v2\/media?parent=2002"}],"wp:term":[{"taxonomy":"product_brand","embeddable":true,"href":"https:\/\/www.roserargemi.com\/it\/wp-json\/wp\/v2\/product_brand?post=2002"},{"taxonomy":"product_cat","embeddable":true,"href":"https:\/\/www.roserargemi.com\/it\/wp-json\/wp\/v2\/product_cat?post=2002"},{"taxonomy":"product_tag","embeddable":true,"href":"https:\/\/www.roserargemi.com\/it\/wp-json\/wp\/v2\/product_tag?post=2002"}],"curies":[{"name":"wp","href":"https:\/\/api.w.org\/{rel}","templated":true}]}}